{"id":2396,"date":"2020-03-26T13:29:26","date_gmt":"2020-03-26T10:29:26","guid":{"rendered":"https:\/\/omegawebtasarim.com\/hazir-tek-urun-satis-web-sitesi-yaprak-site\/?page_id=2396"},"modified":"2025-03-03T21:41:52","modified_gmt":"2025-03-03T18:41:52","slug":"ana-sayfa","status":"publish","type":"page","link":"https:\/\/omegawebtasarim.com\/hazir-tek-urun-satis-web-sitesi-yaprak-site\/","title":{"rendered":"ANA SAYFA"},"content":{"rendered":"<p>[vc_row full_width=&#8221;stretch_row_content_no_spaces&#8221; mobile_bg_img_hidden=&#8221;no&#8221; woodmart_parallax=&#8221;0&#8243; woodmart_gradient_switch=&#8221;no&#8221; row_reverse_mobile=&#8221;0&#8243; row_reverse_tablet=&#8221;0&#8243; woodmart_disable_overflow=&#8221;0&#8243;][vc_column][vc_single_image image=&#8221;2398&#8243; img_size=&#8221;full&#8221; alignment=&#8221;center&#8221; onclick=&#8221;custom_link&#8221; parallax_scroll=&#8221;no&#8221; css=&#8221;.vc_custom_1585223066699{margin-bottom: 0px !important;padding-top: 0px !important;padding-bottom: 0px !important;}&#8221; link=&#8221;#siparis&#8221;][vc_single_image image=&#8221;2409&#8243; img_size=&#8221;full&#8221; alignment=&#8221;center&#8221; onclick=&#8221;custom_link&#8221; parallax_scroll=&#8221;no&#8221; css=&#8221;.vc_custom_1585222815429{margin-top: -5px !important;margin-bottom: 0px !important;padding-top: 0px !important;padding-bottom: 0px !important;}&#8221; link=&#8221;#siparis&#8221;][vc_single_image image=&#8221;2410&#8243; img_size=&#8221;full&#8221; alignment=&#8221;center&#8221; onclick=&#8221;custom_link&#8221; parallax_scroll=&#8221;no&#8221; css=&#8221;.vc_custom_1585222826603{margin-top: -5px !important;margin-bottom: 0px !important;padding-top: 0px !important;padding-bottom: 0px !important;}&#8221; link=&#8221;#siparis&#8221;][vc_single_image image=&#8221;2416&#8243; img_size=&#8221;full&#8221; alignment=&#8221;center&#8221; onclick=&#8221;custom_link&#8221; parallax_scroll=&#8221;no&#8221; css=&#8221;.vc_custom_1585222834867{margin-top: -5px !important;margin-bottom: 0px !important;padding-top: 0px !important;padding-bottom: 0px !important;}&#8221; link=&#8221;#siparis&#8221;][vc_single_image image=&#8221;2420&#8243; img_size=&#8221;full&#8221; alignment=&#8221;center&#8221; onclick=&#8221;custom_link&#8221; parallax_scroll=&#8221;no&#8221; css=&#8221;.vc_custom_1585222843788{margin-top: -5px !important;margin-bottom: 0px !important;padding-top: 0px !important;padding-bottom: 0px !important;}&#8221; link=&#8221;#siparis&#8221;][vc_single_image image=&#8221;2413&#8243; img_size=&#8221;full&#8221; alignment=&#8221;center&#8221; onclick=&#8221;custom_link&#8221; parallax_scroll=&#8221;no&#8221; css=&#8221;.vc_custom_1585222853896{margin-top: -5px !important;margin-bottom: 0px !important;padding-top: 0px !important;padding-bottom: 0px !important;}&#8221; link=&#8221;#siparis&#8221;][\/vc_column][\/vc_row][vc_row mobile_bg_img_hidden=&#8221;no&#8221; woodmart_parallax=&#8221;0&#8243; woodmart_gradient_switch=&#8221;no&#8221; row_reverse_mobile=&#8221;0&#8243; row_reverse_tablet=&#8221;0&#8243; woodmart_disable_overflow=&#8221;0&#8243; el_id=&#8221;siparis&#8221;][vc_column][vc_empty_space woodmart_hide_large=&#8221;0&#8243; woodmart_hide_medium=&#8221;0&#8243; woodmart_hide_small=&#8221;0&#8243; woodmart_hide_extra_small=&#8221;0&#8243;][vc_column_text text_larger=&#8221;no&#8221;]<\/p>\n<h2 style=\"text-align: center;\"><strong>H\u0131zl\u0131 \u00dcr\u00fcn Sipari\u015f Formu<\/strong><\/h2>\n<p>[\/vc_column_text][vc_column_text text_larger=&#8221;no&#8221;]<\/p>\n<p style=\"text-align: center;\">Formu doldurduktan sonra m\u00fc\u015fteri temsilcimiz en k\u0131sa s\u00fcrede sizin ile ileti\u015fime ge\u00e7ecektir.<\/p>\n<p>[\/vc_column_text]<div role=\"form\" class=\"wpcf7\" id=\"wpcf7-f2394-o1\" lang=\"tr-TR\" dir=\"ltr\">\n<div class=\"screen-reader-response\"><\/div>\n<form action=\"\/hazir-tek-urun-satis-web-sitesi-yaprak-site\/wp-json\/wp\/v2\/pages\/2396#wpcf7-f2394-o1\" method=\"post\" class=\"wpcf7-form\" novalidate=\"novalidate\">\n<div style=\"display: none;\">\n<input type=\"hidden\" name=\"_wpcf7\" value=\"2394\" \/>\n<input type=\"hidden\" name=\"_wpcf7_version\" value=\"5.1.6\" \/>\n<input type=\"hidden\" name=\"_wpcf7_locale\" value=\"tr_TR\" \/>\n<input type=\"hidden\" name=\"_wpcf7_unit_tag\" value=\"wpcf7-f2394-o1\" \/>\n<input type=\"hidden\" name=\"_wpcf7_container_post\" value=\"0\" \/>\n<\/div>\n<p><label> Ad & Soyad<br \/>\n    <span class=\"wpcf7-form-control-wrap your-name\"><input type=\"text\" name=\"your-name\" value=\"\" size=\"40\" class=\"wpcf7-form-control wpcf7-text wpcf7-validates-as-required\" aria-required=\"true\" aria-invalid=\"false\" \/><\/span> <\/label><\/p>\n<p><label> Telefon<br \/>\n    <span class=\"wpcf7-form-control-wrap tel-423\"><input type=\"tel\" name=\"tel-423\" value=\"\" size=\"40\" class=\"wpcf7-form-control wpcf7-text wpcf7-tel wpcf7-validates-as-required wpcf7-validates-as-tel\" aria-required=\"true\" aria-invalid=\"false\" \/><\/span><\/label><\/p>\n<p><label> Adresiniz<br \/>\n    <span class=\"wpcf7-form-control-wrap your-subject\"><input type=\"text\" name=\"your-subject\" value=\"\" size=\"40\" class=\"wpcf7-form-control wpcf7-text\" aria-invalid=\"false\" \/><\/span> <\/label><\/p>\n<p><label> \u00d6deme Tipi:<br \/>\n     <span class=\"wpcf7-form-control-wrap menu-509\"><select name=\"menu-509\" class=\"wpcf7-form-control wpcf7-select wpcf7-validates-as-required\" aria-required=\"true\" aria-invalid=\"false\"><option value=\"Kap\u0131da Nakit\">Kap\u0131da Nakit<\/option><option value=\"Havale - EFT ile \u00d6deme\">Havale - EFT ile \u00d6deme<\/option><option value=\"Kap\u0131da Kredi Kart\u0131\">Kap\u0131da Kredi Kart\u0131<\/option><\/select><\/span><\/label><\/p>\n<p><label> \u00dcr\u00fcn Se\u00e7iniz:<br \/>\n     <span class=\"wpcf7-form-control-wrap radio-759\"><span class=\"wpcf7-form-control wpcf7-radio\"><span class=\"wpcf7-list-item first\"><input type=\"radio\" name=\"radio-759\" value=\"(19.90 TL) 1 Adet Sterillium + KARGO\" checked=\"checked\" \/><span class=\"wpcf7-list-item-label\">(19.90 TL) 1 Adet Sterillium + KARGO<\/span><\/span><span class=\"wpcf7-list-item last\"><input type=\"radio\" name=\"radio-759\" value=\"(59.90 TL) 3 Adet Sterillium (\u00dcCRETS\u0130Z KARGO)\" \/><span class=\"wpcf7-list-item-label\">(59.90 TL) 3 Adet Sterillium (\u00dcCRETS\u0130Z KARGO)<\/span><\/span><\/span><\/span><\/label><\/p>\n<p><input type=\"submit\" value=\"S\u0130PAR\u0130\u015e\u0130 TAMAMLA\" class=\"wpcf7-form-control wpcf7-submit\" \/><\/p>\n<div class=\"wpcf7-response-output wpcf7-display-none\"><\/div><\/form><\/div>[\/vc_column][\/vc_row]<\/p>\n","protected":false},"excerpt":{"rendered":"<p>[vc_row full_width=&#8221;stretch_row_content_no_spaces&#8221; mobile_bg_img_hidden=&#8221;no&#8221; woodmart_parallax=&#8221;0&#8243; woodmart_gradient_switch=&#8221;no&#8221; row_reverse_mobile=&#8221;0&#8243; row_reverse_tablet=&#8221;0&#8243; woodmart_disable_overflow=&#8221;0&#8243;][vc_column][vc_single_image image=&#8221;2398&#8243; img_size=&#8221;full&#8221; alignment=&#8221;center&#8221; onclick=&#8221;custom_link&#8221; parallax_scroll=&#8221;no&#8221; css=&#8221;.vc_custom_1585223066699{margin-bottom: 0px !important;padding-top: 0px !important;padding-bottom: 0px !important;}&#8221;<\/p>\n","protected":false},"author":1,"featured_media":0,"parent":0,"menu_order":0,"comment_status":"closed","ping_status":"closed","template":"","meta":{"footnotes":""},"_links":{"self":[{"href":"https:\/\/omegawebtasarim.com\/hazir-tek-urun-satis-web-sitesi-yaprak-site\/wp-json\/wp\/v2\/pages\/2396"}],"collection":[{"href":"https:\/\/omegawebtasarim.com\/hazir-tek-urun-satis-web-sitesi-yaprak-site\/wp-json\/wp\/v2\/pages"}],"about":[{"href":"https:\/\/omegawebtasarim.com\/hazir-tek-urun-satis-web-sitesi-yaprak-site\/wp-json\/wp\/v2\/types\/page"}],"author":[{"embeddable":true,"href":"https:\/\/omegawebtasarim.com\/hazir-tek-urun-satis-web-sitesi-yaprak-site\/wp-json\/wp\/v2\/users\/1"}],"replies":[{"embeddable":true,"href":"https:\/\/omegawebtasarim.com\/hazir-tek-urun-satis-web-sitesi-yaprak-site\/wp-json\/wp\/v2\/comments?post=2396"}],"version-history":[{"count":4,"href":"https:\/\/omegawebtasarim.com\/hazir-tek-urun-satis-web-sitesi-yaprak-site\/wp-json\/wp\/v2\/pages\/2396\/revisions"}],"predecessor-version":[{"id":2449,"href":"https:\/\/omegawebtasarim.com\/hazir-tek-urun-satis-web-sitesi-yaprak-site\/wp-json\/wp\/v2\/pages\/2396\/revisions\/2449"}],"wp:attachment":[{"href":"https:\/\/omegawebtasarim.com\/hazir-tek-urun-satis-web-sitesi-yaprak-site\/wp-json\/wp\/v2\/media?parent=2396"}],"curies":[{"name":"wp","href":"https:\/\/api.w.org\/{rel}","templated":true}]}}