{"id":27531,"date":"2021-05-08T17:14:03","date_gmt":"2021-05-08T14:14:03","guid":{"rendered":"https:\/\/omegawebtasarim.com\/hazir-medyum-falci-web-sitesi\/?page_id=27531"},"modified":"2021-05-08T17:15:10","modified_gmt":"2021-05-08T14:15:10","slug":"gezegen-konumlari","status":"publish","type":"page","link":"https:\/\/omegawebtasarim.com\/hazir-medyum-falci-web-sitesi\/gezegen-konumlari\/","title":{"rendered":"Gezegen  Konumlar\u0131"},"content":{"rendered":"<p align=\"center\"><b><span style=\"color: #008000; font-family: Verdana;\">GEZEGEN KONUMLARI<\/span><\/b><\/p>\n<p><span style=\"font-family: Verdana; font-size: small;\">Bu harita anl\u0131k olarak gezegenlerin konumlar\u0131n\u0131 g\u00f6sterir. Ayr\u0131ca gezegenlerin hangi bur\u00e7ta oldu\u011funu,gezegenlerin gerileme mi, ilerleme mi hareketi yapt\u0131\u011f\u0131n\u0131 da \u00f6\u011frenebilirsiniz.<br \/>\n<\/span><b><\/b><\/p>\n<p><center><b><span style=\"font-family: Verdana; font-size: small;\">Tarih = 08 May 2021 at 14:13 GMT<\/span><\/b><\/center><center><b><\/b><\/center><img loading=\"lazy\" decoding=\"async\" class=\"wp-image-27533 aligncenter\" src=\"https:\/\/omegawebtasarim.com\/hazir-medyum-falci-web-sitesi\/wp-content\/uploads\/2021\/05\/chartwheel-300x300.png\" alt=\"\" width=\"619\" height=\"619\" srcset=\"https:\/\/omegawebtasarim.com\/hazir-medyum-falci-web-sitesi\/wp-content\/uploads\/2021\/05\/chartwheel-300x300.png 300w, https:\/\/omegawebtasarim.com\/hazir-medyum-falci-web-sitesi\/wp-content\/uploads\/2021\/05\/chartwheel-150x150.png 150w, https:\/\/omegawebtasarim.com\/hazir-medyum-falci-web-sitesi\/wp-content\/uploads\/2021\/05\/chartwheel-500x500.png 500w, https:\/\/omegawebtasarim.com\/hazir-medyum-falci-web-sitesi\/wp-content\/uploads\/2021\/05\/chartwheel.png 640w\" sizes=\"(max-width: 619px) 100vw, 619px\" \/><\/p>\n<p>&nbsp;<\/p>\n<table border=\"0\" width=\"80%\" cellspacing=\"0\" cellpadding=\"0\">\n<tbody>\n<tr>\n<td><span style=\"color: #0000ff;\"><b>Gezegen<\/b><\/span><\/td>\n<td><span style=\"color: #0000ff;\"><b>Konum<\/b><\/span><\/td>\n<td><\/td>\n<\/tr>\n<tr>\n<td>G\u00fcne\u015f<\/td>\n<td><span style=\"font-family: Courier New;\">18 Bo\u011fa 12&#8242; 16&#8243;<\/span><\/td>\n<td><\/td>\n<\/tr>\n<tr>\n<td>Ay<\/td>\n<td><span style=\"font-family: Courier New;\">13 Ko\u00e7 17&#8242; 44&#8243;<\/span><\/td>\n<td><\/td>\n<\/tr>\n<tr>\n<td>Merk\u00fcr<\/td>\n<td><span style=\"font-family: Courier New;\">07 \u0130kizler 30&#8242; 48&#8243;<\/span><\/td>\n<td><\/td>\n<\/tr>\n<tr>\n<td>Ven\u00fcs<\/td>\n<td><span style=\"font-family: Courier New;\">29 Bo\u011fa 23&#8242; 43&#8243;<\/span><\/td>\n<td><\/td>\n<\/tr>\n<tr>\n<td>Mars<\/td>\n<td><span style=\"font-family: Courier New;\">09 Yenge\u00e7 10&#8242; 46&#8243;<\/span><\/td>\n<td><\/td>\n<\/tr>\n<tr>\n<td>Jupiter<\/td>\n<td><span style=\"font-family: Courier New;\">29 Kova 22&#8242; 05&#8243;<\/span><\/td>\n<td><\/td>\n<\/tr>\n<tr>\n<td>Sat\u00fcrn<\/td>\n<td><span style=\"font-family: Courier New;\">13 Kova 20&#8242; 19&#8243;<\/span><\/td>\n<td><\/td>\n<\/tr>\n<tr>\n<td>Uran\u00fcs<\/td>\n<td><span style=\"font-family: Courier New;\">11 Bo\u011fa 07&#8242; 40&#8243;<\/span><\/td>\n<td><\/td>\n<\/tr>\n<tr>\n<td>Nept\u00fcn<\/td>\n<td><span style=\"font-family: Courier New;\">22 Bal\u0131k 35&#8242; 13&#8243;<\/span><\/td>\n<td><\/td>\n<\/tr>\n<tr>\n<td>Pluto<\/td>\n<td><span style=\"font-family: Courier New;\">26 O\u011flak 46&#8242; 50&#8243; Geriliyor<\/span><\/td>\n<td><\/td>\n<\/tr>\n<tr>\n<td>Chiron<\/td>\n<td><span style=\"font-family: Courier New;\">11 Ko\u00e7 05&#8242; 27&#8243;<\/span><\/td>\n<td><\/td>\n<\/tr>\n<tr>\n<td><\/td>\n<td><\/td>\n<td><\/td>\n<td><\/td>\n<\/tr>\n<\/tbody>\n<\/table>\n<p>&nbsp;<\/p>\n","protected":false},"excerpt":{"rendered":"<p>GEZEGEN KONUMLARI Bu harita anl\u0131k olarak gezegenlerin konumlar\u0131n\u0131 g\u00f6sterir. Ayr\u0131ca gezegenlerin hangi bur\u00e7ta oldu\u011funu,gezegenlerin gerileme mi, ilerleme mi hareketi yapt\u0131\u011f\u0131n\u0131 da \u00f6\u011frenebilirsiniz. Tarih = 08 May 2021 at 14:13 GMT &nbsp; Gezegen Konum G\u00fcne\u015f 18 Bo\u011fa 12&#8242; 16&#8243; Ay 13 Ko\u00e7 17&#8242; 44&#8243; Merk\u00fcr 07 \u0130kizler 30&#8242; 48&#8243; Ven\u00fcs 29 Bo\u011fa 23&#8242; 43&#8243; Mars 09 [&hellip;]<\/p>\n","protected":false},"author":1,"featured_media":0,"parent":0,"menu_order":0,"comment_status":"closed","ping_status":"closed","template":"","meta":{"footnotes":""},"class_list":["post-27531","page","type-page","status-publish","hentry"],"_links":{"self":[{"href":"https:\/\/omegawebtasarim.com\/hazir-medyum-falci-web-sitesi\/wp-json\/wp\/v2\/pages\/27531"}],"collection":[{"href":"https:\/\/omegawebtasarim.com\/hazir-medyum-falci-web-sitesi\/wp-json\/wp\/v2\/pages"}],"about":[{"href":"https:\/\/omegawebtasarim.com\/hazir-medyum-falci-web-sitesi\/wp-json\/wp\/v2\/types\/page"}],"author":[{"embeddable":true,"href":"https:\/\/omegawebtasarim.com\/hazir-medyum-falci-web-sitesi\/wp-json\/wp\/v2\/users\/1"}],"replies":[{"embeddable":true,"href":"https:\/\/omegawebtasarim.com\/hazir-medyum-falci-web-sitesi\/wp-json\/wp\/v2\/comments?post=27531"}],"version-history":[{"count":3,"href":"https:\/\/omegawebtasarim.com\/hazir-medyum-falci-web-sitesi\/wp-json\/wp\/v2\/pages\/27531\/revisions"}],"predecessor-version":[{"id":27535,"href":"https:\/\/omegawebtasarim.com\/hazir-medyum-falci-web-sitesi\/wp-json\/wp\/v2\/pages\/27531\/revisions\/27535"}],"wp:attachment":[{"href":"https:\/\/omegawebtasarim.com\/hazir-medyum-falci-web-sitesi\/wp-json\/wp\/v2\/media?parent=27531"}],"curies":[{"name":"wp","href":"https:\/\/api.w.org\/{rel}","templated":true}]}}