{"id":27529,"date":"2021-05-08T17:09:05","date_gmt":"2021-05-08T14:09:05","guid":{"rendered":"https:\/\/omegawebtasarim.com\/hazir-medyum-falci-web-sitesi\/?page_id=27529"},"modified":"2021-05-08T17:09:05","modified_gmt":"2021-05-08T14:09:05","slug":"astroloji-nedir","status":"publish","type":"page","link":"https:\/\/omegawebtasarim.com\/hazir-medyum-falci-web-sitesi\/astroloji-nedir\/","title":{"rendered":"Astroloji nedir?"},"content":{"rendered":"<p align=\"left\"><span style=\"font-family: Verdana; font-size: small;\">Astroloji nedir sorusuna k\u0131saca; Astroloji, gezegen ve y\u0131ld\u0131zlar\u0131n insanlar\u0131n \u00fczerindeki etkisini yorumlayan bir bilim dal\u0131d\u0131r diyebiliriz.\u0130nsano\u011flunun yaz\u0131l\u0131 tarihinin ba\u015f\u0131ndan beri var olan astroloji, bilimlerin en eskisidir.<\/p>\n<p>Astroloji\u00a0 kader de\u011fildir, her\u015fey insan\u0131n kendi elindedir. Astroloji d\u00f6nemleri inceler, f\u0131rsat alanlar\u0131n\u0131, \u015fansl\u0131 zamanlar\u0131, do\u011fum haritan\u0131zda sizi k\u0131s\u0131tlayan, zorlayan alanlar\u0131, gecikmeleri g\u00f6sterir. Sonu\u00e7ta nas\u0131l hareket edece\u011finiz, neler yapaca\u011f\u0131n\u0131z hepsi sizin iradeniz i\u00e7indedir. Gezegenlerin iyi a\u00e7\u0131lar yapt\u0131\u011f\u0131 \u015fansl\u0131 d\u00f6nemlerde, hi\u00e7bir \u015fey yapmadan oturursan\u0131z bu f\u0131rsatlar\u0131 ka\u00e7\u0131rabilirsiniz. Ayn\u0131 \u015fekilde gezegenlerin zorlay\u0131c\u0131 etkiler yapt\u0131\u011f\u0131 d\u00f6nemlerde gerekli gayret ve azmi g\u00f6sterirseniz t\u00fcm zorluklar\u0131 a\u015fabilir, fark\u0131nda bile olmad\u0131\u011f\u0131n\u0131z i\u00e7inizdeki g\u00fcc\u00fc ortaya \u00e7\u0131karabilirsiniz<\/span><\/p>\n<p align=\"left\"><span style=\"font-family: Verdana; font-size: small;\">\u00a0\u00a0\u00a0\u00a0 D\u00fcnya varoldu\u011fundan beri insan\u0131n do\u011faya kar\u015f\u0131 verdi\u011fi &#8220;varolu\u015f&#8221; sava\u015f\u0131nda kulland\u0131\u011f\u0131 en etkili ara\u00e7lardan bir tanesi de Astroloji&#8217;dir. Astroloji ilk insan\u0131n, genelde g\u00f6ky\u00fcz\u00fcnden gelen do\u011fal afetleri kontrol etme \u00e7abas\u0131 sonucunda ortaya \u00e7\u0131km\u0131\u015f olan, bug\u00fcn art\u0131k bilimsel de\u011feri olmad\u0131\u011f\u0131na inan\u0131lan bir &#8220;bilim&#8221;dir.<\/p>\n<p>Astroloji&#8217;nin temelinde sembollerle ak\u0131l y\u00fcr\u00fctme ve t\u00fcmevar\u0131m bulunur. Di\u011fer pek \u00e7ok bilim dal\u0131yla ba\u011flant\u0131s\u0131 olan Astroloji sayesinde, do\u011fum haritas\u0131n\u0131n yorumlanmas\u0131yla insan\u0131n ki\u015fili\u011fi, hayat\u0131, ke\u015ffedilmemi\u015f potansiyelleri, k\u00f6kle\u015fmi\u015f al\u0131\u015fkanl\u0131klar\u0131, fiziksel problemleri, yetenekleri ve ilerleyen zamanlardaki dinamizmi \u00e7ok rahat tespit edilebilir.<\/p>\n<p>Sizler i\u00e7in sitemizde di\u011fer pek \u00e7oklar\u0131n\u0131n aksine, m\u00fcmk\u00fcn olan en kapsaml\u0131 \u00e7al\u0131\u015fmalar derlenmi\u015ftir. Uzun bir deneyim s\u00fcrecinin ve geni\u015f bir kaynak\u00e7an\u0131n katk\u0131lar\u0131yla haz\u0131rlanan &#8220;Astroloji Yaz\u0131lar\u0131&#8221; kendinizi tan\u0131man\u0131zda, g\u00fc\u00e7l\u00fc yanlar\u0131n\u0131z\u0131 geli\u015ftirmenizde, zay\u0131fl\u0131klar\u0131n\u0131z\u0131n \u00fcstesinden gelmenizde, daha tatminkar ili\u015fkiler kurman\u0131zda ve ilerletmenizde size yard\u0131mc\u0131 olacakt\u0131r.<\/span><\/p>\n","protected":false},"excerpt":{"rendered":"<p>Astroloji nedir sorusuna k\u0131saca; Astroloji, gezegen ve y\u0131ld\u0131zlar\u0131n insanlar\u0131n \u00fczerindeki etkisini yorumlayan bir bilim dal\u0131d\u0131r diyebiliriz.\u0130nsano\u011flunun yaz\u0131l\u0131 tarihinin ba\u015f\u0131ndan beri var olan astroloji, bilimlerin en eskisidir. Astroloji\u00a0 kader de\u011fildir, her\u015fey insan\u0131n kendi elindedir. Astroloji d\u00f6nemleri inceler, f\u0131rsat alanlar\u0131n\u0131, \u015fansl\u0131 zamanlar\u0131, do\u011fum haritan\u0131zda sizi k\u0131s\u0131tlayan, zorlayan alanlar\u0131, gecikmeleri g\u00f6sterir. Sonu\u00e7ta nas\u0131l hareket edece\u011finiz, neler yapaca\u011f\u0131n\u0131z hepsi [&hellip;]<\/p>\n","protected":false},"author":1,"featured_media":0,"parent":0,"menu_order":0,"comment_status":"closed","ping_status":"closed","template":"","meta":{"footnotes":""},"class_list":["post-27529","page","type-page","status-publish","hentry"],"_links":{"self":[{"href":"https:\/\/omegawebtasarim.com\/hazir-medyum-falci-web-sitesi\/wp-json\/wp\/v2\/pages\/27529"}],"collection":[{"href":"https:\/\/omegawebtasarim.com\/hazir-medyum-falci-web-sitesi\/wp-json\/wp\/v2\/pages"}],"about":[{"href":"https:\/\/omegawebtasarim.com\/hazir-medyum-falci-web-sitesi\/wp-json\/wp\/v2\/types\/page"}],"author":[{"embeddable":true,"href":"https:\/\/omegawebtasarim.com\/hazir-medyum-falci-web-sitesi\/wp-json\/wp\/v2\/users\/1"}],"replies":[{"embeddable":true,"href":"https:\/\/omegawebtasarim.com\/hazir-medyum-falci-web-sitesi\/wp-json\/wp\/v2\/comments?post=27529"}],"version-history":[{"count":1,"href":"https:\/\/omegawebtasarim.com\/hazir-medyum-falci-web-sitesi\/wp-json\/wp\/v2\/pages\/27529\/revisions"}],"predecessor-version":[{"id":27530,"href":"https:\/\/omegawebtasarim.com\/hazir-medyum-falci-web-sitesi\/wp-json\/wp\/v2\/pages\/27529\/revisions\/27530"}],"wp:attachment":[{"href":"https:\/\/omegawebtasarim.com\/hazir-medyum-falci-web-sitesi\/wp-json\/wp\/v2\/media?parent=27529"}],"curies":[{"name":"wp","href":"https:\/\/api.w.org\/{rel}","templated":true}]}}